{"id":49,"date":"2014-04-18T20:59:23","date_gmt":"2014-04-18T19:59:23","guid":{"rendered":"http:\/\/www.lukas-hofmann.at\/www\/?page_id=49"},"modified":"2021-10-08T21:25:33","modified_gmt":"2021-10-08T20:25:33","slug":"musikpaedagoge","status":"publish","type":"page","link":"http:\/\/www.lukas-hofmann.at\/www\/musikpaedagoge\/","title":{"rendered":"Musikp\u00e4dagoge."},"content":{"rendered":"<p>2021 bis heute<br \/>\n<strong>Administrator<\/strong> am \u00d6ffentlichen Gymnasium der Franziskaner Hall in Tirol<\/p>\n<p style=\"color: #000000;\">2015 bis\u00a02020<br \/>\nARGE-Leiter Tirol f\u00fcr <strong>&#8222;Theater in der Schule \/\u00a0Darstellendes Spiel&#8220;<\/strong><\/p>\n<p style=\"color: #000000;\">2014<br \/>\nZusatzausbildung f\u00fcr das Unterrichtsfach &#8222;<strong>Darstellendes Spiel (DSP)<\/strong>&#8222;<\/p>\n<p style=\"color: #000000;\"><span class=\"Copyright\">2013 bis heute<\/span><br \/>\n<strong>Professor<\/strong>\u00a0f\u00fcr\u00a0<em>Musikerziehung<\/em>\u00a0&amp;\u00a0<em>Geographie und Wirtschaftskunde<\/em>\u00a0am \u00d6ffentlichen Gymnasium der Franziskaner Hall in Tirol<br \/>\n<span style=\"color: #808080;\">(weitere Unterrichtst\u00e4tigkeit: Bundesfachschule f\u00fcr wirtschaftliche Berufe W\u00f6rgl und Aufbaulehrgang, BG\/BRG\/SRG Reithmannstra\u00dfe Innsbruck, WRG Ursulinen Innsbruck)<\/span><\/p>\n<p style=\"color: #000000;\"><span class=\"Copyright\">2013 bis heute<\/span><br \/>\n<strong>Masterstudium (MA)\u00a0<\/strong>&#8222;<em>e-Education\/e-Learning<\/em>&#8220; an der Donau-Universit\u00e4t Krems<\/p>\n<p style=\"color: #000000;\"><span class=\"Copyright\">2012 bis heute<\/span><br \/>\n<strong>Doktoratsstudium (PhD)<\/strong>\u00a0im Fachbereich &#8222;<em>Musikp\u00e4dagogik<\/em>&#8220; an der Universit\u00e4t Mozarteum Salzburg<\/p>\n<p style=\"color: #000000;\"><span class=\"Copyright\">2012 bis 2013<\/span><br \/>\n<strong>Unterrichtspraktikant<\/strong>\u00a0f\u00fcr\u00a0<em>Musikerziehung<\/em>\u00a0\/\u00a0<em>Geographie und Wirtschaftskunde<\/em>\u00a0am Franziskanergymnasium Hall i.T.<\/p>\n<p style=\"color: #000000;\"><span class=\"Copyright\">Juli 2012<\/span><br \/>\nSponsion zum\u00a0<strong>\u201eMagister artium&#8220; (Mag. art.)<\/strong><\/p>\n<p style=\"color: #000000;\"><span class=\"Copyright\">2007 bis 2012<\/span><br \/>\n<strong>Lehramtsstudium Musikerziehung<\/strong>\u00a0an der Universit\u00e4t Mozarteum Salzburg \u2013<br \/>\nAbteilung f\u00fcr Musikp\u00e4dagogik Standort Innsbruck<br \/>\n<em>Hauptfach Saxophon bei Romed Hopfgartner<br \/>\nChor- und Ensembleleitung bei Mag. Fran\u00e7ois-Pierre Descamps<\/em><\/p>\n<p style=\"color: #000000;\"><span class=\"Copyright\">2007 bis 2012<\/span><br \/>\n<strong>Lehramtsstudium Geographie und Wirtschaftskunde<\/strong>\u00a0an der Leopold-Franzens-Universit\u00e4t Innsbruck<\/p>\n<p style=\"color: #000000;\">2006\/07<br \/>\nPr\u00e4senzdienst als Saxophonist bei der <strong>Milit\u00e4rmusik Tirol<\/strong><\/p>\n<p style=\"color: #000000;\"><span class=\"Copyright\">bis 2006<\/span><br \/>\nPflichtschulabschluss und Matura am<strong>\u00a0Musik-BORG in Lienz<\/strong><\/p>\n","protected":false},"excerpt":{"rendered":"<p>2021 bis heute Administrator am \u00d6ffentlichen Gymnasium der Franziskaner Hall in Tirol 2015 bis\u00a02020 ARGE-Leiter Tirol f\u00fcr &#8222;Theater in der Schule \/\u00a0Darstellendes Spiel&#8220; 2014 Zusatzausbildung f\u00fcr das Unterrichtsfach &#8222;Darstellendes Spiel (DSP)&#8222; 2013 bis heute Professor\u00a0f\u00fcr\u00a0Musikerziehung\u00a0&amp;\u00a0Geographie und Wirtschaftskunde\u00a0am \u00d6ffentlichen Gymnasium der Franziskaner Hall in Tirol (weitere Unterrichtst\u00e4tigkeit: Bundesfachschule f\u00fcr wirtschaftliche Berufe W\u00f6rgl und Aufbaulehrgang, BG\/BRG\/SRG Reithmannstra\u00dfe &hellip; <a href=\"http:\/\/www.lukas-hofmann.at\/www\/musikpaedagoge\/\" class=\"more-link\"><span class=\"screen-reader-text\">Musikp\u00e4dagoge.<\/span> weiterlesen<\/a><\/p>\n","protected":false},"author":2,"featured_media":0,"parent":0,"menu_order":0,"comment_status":"closed","ping_status":"closed","template":"","meta":{"sfsi_plus_gutenberg_text_before_share":"","sfsi_plus_gutenberg_show_text_before_share":"","sfsi_plus_gutenberg_icon_type":"","sfsi_plus_gutenberg_icon_alignemt":"","sfsi_plus_gutenburg_max_per_row":""},"_links":{"self":[{"href":"http:\/\/www.lukas-hofmann.at\/www\/wp-json\/wp\/v2\/pages\/49"}],"collection":[{"href":"http:\/\/www.lukas-hofmann.at\/www\/wp-json\/wp\/v2\/pages"}],"about":[{"href":"http:\/\/www.lukas-hofmann.at\/www\/wp-json\/wp\/v2\/types\/page"}],"author":[{"embeddable":true,"href":"http:\/\/www.lukas-hofmann.at\/www\/wp-json\/wp\/v2\/users\/2"}],"replies":[{"embeddable":true,"href":"http:\/\/www.lukas-hofmann.at\/www\/wp-json\/wp\/v2\/comments?post=49"}],"version-history":[{"count":9,"href":"http:\/\/www.lukas-hofmann.at\/www\/wp-json\/wp\/v2\/pages\/49\/revisions"}],"predecessor-version":[{"id":340,"href":"http:\/\/www.lukas-hofmann.at\/www\/wp-json\/wp\/v2\/pages\/49\/revisions\/340"}],"wp:attachment":[{"href":"http:\/\/www.lukas-hofmann.at\/www\/wp-json\/wp\/v2\/media?parent=49"}],"curies":[{"name":"wp","href":"https:\/\/api.w.org\/{rel}","templated":true}]}}