{"id":208,"date":"2016-09-09T22:06:06","date_gmt":"2016-09-09T21:06:06","guid":{"rendered":"http:\/\/www.lukas-hofmann.at\/www\/?page_id=208"},"modified":"2020-09-30T22:28:50","modified_gmt":"2020-09-30T21:28:50","slug":"werkliste","status":"publish","type":"page","link":"http:\/\/www.lukas-hofmann.at\/www\/werkliste\/","title":{"rendered":"Werkliste."},"content":{"rendered":"<p><span style=\"text-decoration: underline;\">Werkliste (Auszug):<\/span><\/p>\n<p><strong>Appermont, Bert<\/strong>: Choralia, Robinson Crusoe<\/p>\n<p><strong>Asanger, Thomas<\/strong>: Die Dolomitenkrone (Urauff\u00fchrung;\u00a0Auftragskomposition der Bl\u00e4serphilharmonie Osttirol zum 1. Gr\u00fcndungsjahr), An Austrian Elegy, CMYK, Festivity<\/p>\n<p><strong>Badings, Henk<\/strong>:\u00a0Lieshout und seine M\u00fchlen (Lieshout en zijn molens)<\/p>\n<p><strong>Barnes, James<\/strong>: Alvamar Overture, Third Symphony op. 89, Symphonic Ouverture<\/p>\n<p><strong>Berlioz, Hector<\/strong>: Grande Symphonie fun\u00e8bre et trioomphale<\/p>\n<p><strong>Bourgois, Derek<\/strong>: Serenade op. 22<\/p>\n<p><strong>Bryant, Steven<\/strong>: Dusk<\/p>\n<p><strong>Chance, John Barnes<\/strong>: Incantation and Dance, Variations on a Korean Folk Song<\/p>\n<p><strong>Comitas, Alexander<\/strong>: From a Fairy Tale, Vita Aeterna Variations<\/p>\n<p><strong>de Haan, Jacob<\/strong>: Ammerland, Concerto d&#8217;Amore, La Storia, Missa Santa Cecilia, Pacific Dreams, Ross Roy<\/p>\n<p><strong>de Meij, Johan<\/strong>: The Wind in the Willows, Sinfonie Nr. 1 &#8222;The Lord of the Rings&#8220; (Gandalf, Lothl\u00f3iren, Gollum, Journey in the Dark, Hobbits)<\/p>\n<p><strong>Doss, Thomas<\/strong>: Alpina Saga, Fanfare for a Special Moment, Montana Fanfare, Of Castles and Legends, Prima La Musica, St.-Florian-Choral, Einstein (Urauff\u00fchrung der Auftragskomposition des Blasmusikverbandes\u00a0Tirol), Terra Mystica<\/p>\n<p><strong>Elgar, Edward<\/strong>:\u00a0Pomp and Circumstance No.1 (Arr. Henk van Lijnschooten)<\/p>\n<p><strong>Gallante, Rossano<\/strong>: Raise of the Son<\/p>\n<p><strong>Glinka, Michael<\/strong>:\u00a0Overture zu \u201eRusslan und Ludmilla\u201c (Arr. Marc Hindsley)<\/p>\n<p><strong>Grainger, Percy Aldridge<\/strong>: Sheperd\u2019s Hey, Irish Tune, Lincolnshire Posy<\/p>\n<p><strong>Gregson, Edward<\/strong>: The Sword and The Crown, Variations on &#8222;Laudate Dominum&#8220;<\/p>\n<p><strong>Gulda, Friedrich<\/strong>: Konzert f\u00fcr Violoncello und Blasorchester<\/p>\n<p><strong>H\u00e4ndel, Georg Friedrich<\/strong>: Einzug der K\u00f6nigin von Saba (Arr. Siegfried Goldhammer), Zadok der Priester (Arr. Lukas Hofmann)<\/p>\n<p><strong>Holst, Gustav<\/strong>: Jupiter Hymn aus \u201eDie Planeten\u201c (Arr. Johan de Meij), First Suite in Es for Military Band, Second Suite in F for Military Band<\/p>\n<p><b>Jaeger, Robert E.<\/b>: Third Suite<\/p>\n<p><b>Kofler, Armin<\/b>: \u00c5lm<\/p>\n<p><strong>Mangani, Michele<\/strong>: Concertpiece for two clarinets and wind band<\/p>\n<p><strong>Marquez, Arturo<\/strong>: Conga del Fuego<\/p>\n<p><strong>Maslanka, David<\/strong>: Mother Earth (A Fanfare), Traveler, Testament (Music For a Time of Trial), Give Us This Day<\/p>\n<p><strong>Melillo, Stephen<\/strong>: Never forgotten, Time To Take Back The Knights! (The Chosen)<\/p>\n<p><strong>Mendelssohn, Felix<\/strong>: Ouvert\u00fcre f\u00fcr Harmoniemusik<\/p>\n<p><strong>Mozart, Wolfgang Amadeus<\/strong>: Marsch der Priester (Arr. Lukas Hofmann), Die Hochzeit des Figaro<\/p>\n<p><strong>Mussorgski, Modest<\/strong>: Bilder einer Ausstellung (Arr. Marc Hindsley)<\/p>\n<p><strong>Neub\u00f6ck, Fritz jun.<\/strong>: The Giant&#8217;s Mermaid (Des Riesen Nixe)<\/p>\n<p><strong>Pallhuber, Hermann<\/strong>: Resurges, Vincit Semper Musica, Lionheart, In the Heart of Europe, Europe&#8217;s Glory<\/p>\n<p><strong>Penders, Jef<\/strong>: Fanfaresque, La Primitiva<\/p>\n<p><strong>Pilsner, Chris<\/strong>: Dum Spiro Spero<\/p>\n<p><strong>Prokofjew, Sergej<\/strong>: Marsch op. 99 (Arr. Paul Yoda)<\/p>\n<p><strong>Reed, Alfred<\/strong>: Armenian Dances (Part 1), The Hounds Of Spring, A Festival Prelude, Second Suite for Band (Latino-Mexicana), Concerto for Trumpet and Winds<\/p>\n<p><strong>Reed, Herbert Owen<\/strong>: La Fiesta Mexicana<\/p>\n<p><strong>Reineke, Steven<\/strong>:\u00a0Fate of the Gods, Rise of the Firebird, The Witch and\u00a0the Saint, Where Eagles Soar<\/p>\n<p><strong>Respighi, Ottorino<\/strong>: Huntingtower<\/p>\n<p><strong>Rimski-Korsakov, Nikolai<\/strong>:\u00a0Procession of the Nobles (Arr. Eric Leizden), Variationen \u00fcber ein Thema von Glinka (f\u00fcr Solo-Oboe und Blasorchester)<\/p>\n<p><strong>Rossini, Gioacchino<\/strong>:\u00a0Introduktion, Thema und Variationen f\u00fcr Klarinette und Orchester<\/p>\n<p><strong>Schostakowitsch, Dimitri<\/strong>: Festive Overture, Jazz Suite Nr. 1 (Arr. Wesley Brown), Tahiti Trot<\/p>\n<p><strong>Schwarz, Otto M.<\/strong>: Around the World\u00a0in 80 Days, Bonaparte, Mantua<\/p>\n<p><strong>Sparke, Philip<\/strong>: Concert Prelude, The Year of the Dragon<\/p>\n<p><strong>Strauss, Richard<\/strong>: Feierlicher Einzug der Ritter des Johanniterordens (Arr. Lukas Hofmann), Festmusik der Stadt Wien (Arr. Eric Banks)<\/p>\n<p><strong>Supp\u00e9, Franz von<\/strong>: Ouvert\u00fcre zur Operette &#8222;Dichter und Bauer&#8220;, Ouvert\u00fcre zur Operette &#8222;Pique Dame&#8220;, Ouvert\u00fcre zur Operette &#8222;Leichte Kavallerie&#8220;, Ouvert\u00fcre zur Operette &#8222;Banditenstreiche&#8220;,<\/p>\n<p><strong>Tanzer, Sepp<\/strong>: Tirol 1809 (Suite)<\/p>\n<p><strong>van der Roost, Jan<\/strong>: Arsenal, Mercury<\/p>\n<p><strong>Verdi, Giuseppe<\/strong>: Overture zu &#8222;Nabucco&#8220; (Arr. Franco Cesarini), &#8222;Triumphmarsch&#8220; aus Aida (Arr. Franco Cesarini)<\/p>\n<p><strong>von Supp\u00e8, Franz<\/strong>: Overture zur Operette &#8222;Leichte Kavallerie&#8220; (Arr. Wil van der Bek) Overture zu &#8222;Pique Dame&#8220; (Arr. Gerhard Baumann)<\/p>\n<p><strong>Wagner, Richard<\/strong>: Trauermusik (Trauersinfonie)<\/p>\n<p><strong>Waldner, Andreas<\/strong>: Winds Collective<\/p>\n<p><strong>Weill, Kurt<\/strong>: Kleine Dreigroschenmusik f\u00fcr Blasorchester<\/p>\n<p><strong>Williams, John<\/strong>: Olympic Fanfare and Theme<\/p>\n<p><strong>Witsch, David<\/strong>: Rheinlandchoral<\/p>\n<p><strong>Yagisawa, Sathoshi<\/strong>: Fanfare &#8211; Flight to the Unknown World<\/p>\n<p><strong>Zabel, Franz<\/strong>: Sinfonische Variationen &#8211; hommage \u00e0 Prokofieff<\/p>\n","protected":false},"excerpt":{"rendered":"<p>Werkliste (Auszug): Appermont, Bert: Choralia, Robinson Crusoe Asanger, Thomas: Die Dolomitenkrone (Urauff\u00fchrung;\u00a0Auftragskomposition der Bl\u00e4serphilharmonie Osttirol zum 1. Gr\u00fcndungsjahr), An Austrian Elegy, CMYK, Festivity Badings, Henk:\u00a0Lieshout und seine M\u00fchlen (Lieshout en zijn molens) Barnes, James: Alvamar Overture, Third Symphony op. 89, Symphonic Ouverture Berlioz, Hector: Grande Symphonie fun\u00e8bre et trioomphale Bourgois, Derek: Serenade op. 22 Bryant, &hellip; <a href=\"http:\/\/www.lukas-hofmann.at\/www\/werkliste\/\" class=\"more-link\"><span class=\"screen-reader-text\">Werkliste.<\/span> weiterlesen<\/a><\/p>\n","protected":false},"author":2,"featured_media":0,"parent":0,"menu_order":0,"comment_status":"closed","ping_status":"closed","template":"","meta":{"sfsi_plus_gutenberg_text_before_share":"","sfsi_plus_gutenberg_show_text_before_share":"","sfsi_plus_gutenberg_icon_type":"","sfsi_plus_gutenberg_icon_alignemt":"","sfsi_plus_gutenburg_max_per_row":""},"_links":{"self":[{"href":"http:\/\/www.lukas-hofmann.at\/www\/wp-json\/wp\/v2\/pages\/208"}],"collection":[{"href":"http:\/\/www.lukas-hofmann.at\/www\/wp-json\/wp\/v2\/pages"}],"about":[{"href":"http:\/\/www.lukas-hofmann.at\/www\/wp-json\/wp\/v2\/types\/page"}],"author":[{"embeddable":true,"href":"http:\/\/www.lukas-hofmann.at\/www\/wp-json\/wp\/v2\/users\/2"}],"replies":[{"embeddable":true,"href":"http:\/\/www.lukas-hofmann.at\/www\/wp-json\/wp\/v2\/comments?post=208"}],"version-history":[{"count":34,"href":"http:\/\/www.lukas-hofmann.at\/www\/wp-json\/wp\/v2\/pages\/208\/revisions"}],"predecessor-version":[{"id":318,"href":"http:\/\/www.lukas-hofmann.at\/www\/wp-json\/wp\/v2\/pages\/208\/revisions\/318"}],"wp:attachment":[{"href":"http:\/\/www.lukas-hofmann.at\/www\/wp-json\/wp\/v2\/media?parent=208"}],"curies":[{"name":"wp","href":"https:\/\/api.w.org\/{rel}","templated":true}]}}